{"id":331,"date":"2023-06-28T01:09:57","date_gmt":"2023-06-28T06:09:57","guid":{"rendered":"https:\/\/educlas.online\/?page_id=331"},"modified":"2026-02-04T20:37:28","modified_gmt":"2026-02-05T01:37:28","slug":"educlas-inicio","status":"publish","type":"page","link":"https:\/\/educlas.online\/","title":{"rendered":"Educlas.inicio"},"content":{"rendered":"<p>[et_pb_section fb_built=&#8221;1&#8243; _builder_version=&#8221;4.27.4&#8243; _module_preset=&#8221;default&#8221; background_color=&#8221;#FFFFFF&#8221; custom_padding=&#8221;7px||6px|||&#8221; top_divider_style=&#8221;wave2&#8243; top_divider_color=&#8221;#000000&#8243; top_divider_height=&#8221;182px&#8221; top_divider_repeat=&#8221;1x&#8221; top_divider_style_tablet=&#8221;wave2&#8243; top_divider_style_phone=&#8221;wave2&#8243; top_divider_style_last_edited=&#8221;on|desktop&#8221; top_divider_height_tablet=&#8221;182px&#8221; top_divider_height_phone=&#8221;181px&#8221; top_divider_height_last_edited=&#8221;on|phone&#8221; global_colors_info=&#8221;{}&#8221;][et_pb_row _builder_version=&#8221;4.16&#8243; _module_preset=&#8221;default&#8221; custom_padding=&#8221;0px||0px|||&#8221; border_width_all=&#8221;0px&#8221; global_colors_info=&#8221;{}&#8221;][et_pb_column type=&#8221;4_4&#8243; _builder_version=&#8221;4.16&#8243; _module_preset=&#8221;default&#8221; global_colors_info=&#8221;{}&#8221;][et_pb_image src=&#8221;http:\/\/educlas.online\/wp-content\/uploads\/2025\/10\/Facebook-Ad-Community-Manager-Geometrico-Rojo-y-Negro-Post-para-Instagram-45-11-1.png&#8221; title_text=&#8221;Facebook Ad Community Manager Geom\u00e9trico Rojo y Negro (Post para Instagram (45)) (11) (1)&#8221; align=&#8221;center&#8221; _builder_version=&#8221;4.27.4&#8243; _module_preset=&#8221;default&#8221; width=&#8221;35%&#8221; custom_margin=&#8221;135px||1px||false|false&#8221; custom_margin_tablet=&#8221;100px||1px||false|false&#8221; custom_margin_phone=&#8221;137px||||false|false&#8221; custom_margin_last_edited=&#8221;on|phone&#8221; global_colors_info=&#8221;{}&#8221;][\/et_pb_image][et_pb_text _builder_version=&#8221;4.21.0&#8243; _module_preset=&#8221;default&#8221; text_text_color=&#8221;#000000&#8243; text_font_size=&#8221;22px&#8221; text_line_height=&#8221;1.2em&#8221; text_font_size_tablet=&#8221;22px&#8221; text_font_size_phone=&#8221;15px&#8221; text_font_size_last_edited=&#8221;on|phone&#8221; global_colors_info=&#8221;{}&#8221;]<\/p>\n<p style=\"text-align: center;\"><strong>Productos con embudos de venta (Order Bump)<\/strong> para maximizar tus ventas.<\/p>\n<p style=\"text-align: center;\">\u00a1Ahora puedes comercializar todos nuestros productos <strong>sin necesidad de pagar ninguna membres\u00eda<\/strong>!<\/p>\n<p style=\"text-align: center;\">Nos enorgullece ofrecer una amplia gama de productos que se encuentran disponibles en <strong>Hotmart<\/strong>, y lo mejor de todo es que puedes afiliarte de <strong>manera gratuita<\/strong>.<\/p>\n<p style=\"text-align: center;\">\u00a1No pierdas la oportunidad de <strong>conocer nuestro cat\u00e1logo<\/strong> y aprovechar todos los beneficios que ofrecemos!\u00a0<\/p>\n<p>[\/et_pb_text][\/et_pb_column][\/et_pb_row][et_pb_row _builder_version=&#8221;4.27.4&#8243; _module_preset=&#8221;default&#8221;][et_pb_column _builder_version=&#8221;4.27.4&#8243; _module_preset=&#8221;default&#8221; type=&#8221;4_4&#8243;][et_pb_video src=&#8221;https:\/\/youtu.be\/BmmdSjavn04&#8243; _builder_version=&#8221;4.27.4&#8243; _module_preset=&#8221;default&#8221; hover_enabled=&#8221;0&#8243; sticky_enabled=&#8221;0&#8243;][\/et_pb_video][\/et_pb_column][\/et_pb_row][et_pb_row column_structure=&#8221;1_2,1_2&#8243; _builder_version=&#8221;4.21.0&#8243; _module_preset=&#8221;default&#8221; global_colors_info=&#8221;{}&#8221;][et_pb_column type=&#8221;1_2&#8243; _builder_version=&#8221;4.21.0&#8243; _module_preset=&#8221;default&#8221; global_colors_info=&#8221;{}&#8221;][et_pb_button button_url=&#8221;https:\/\/educlas.online\/index.php\/educlas-cursos\/&#8221; button_text=&#8221;CURSOS EN VIDEO \ud83c\udfac&#8221; button_alignment=&#8221;center&#8221; _builder_version=&#8221;4.27.4&#8243; _module_preset=&#8221;default&#8221; custom_button=&#8221;on&#8221; button_text_size=&#8221;30px&#8221; button_text_color=&#8221;#000000&#8243; button_bg_color=&#8221;#ccb254&#8243; button_border_width=&#8221;2px&#8221; button_font=&#8221;|700|||||||&#8221; background_layout=&#8221;dark&#8221; button_text_size_tablet=&#8221;30px&#8221; button_text_size_phone=&#8221;20px&#8221; button_text_size_last_edited=&#8221;on|desktop&#8221; button_text_shadow_style=&#8221;preset3&#8243; global_colors_info=&#8221;{}&#8221;][\/et_pb_button][\/et_pb_column][et_pb_column type=&#8221;1_2&#8243; _builder_version=&#8221;4.21.0&#8243; _module_preset=&#8221;default&#8221; global_colors_info=&#8221;{}&#8221;][et_pb_button button_url=&#8221;https:\/\/educlas.online\/index.php\/educlas-e-book\/&#8221; button_text=&#8221;CURSOS PDF\ud83d\udcd8&#8221; button_alignment=&#8221;center&#8221; _builder_version=&#8221;4.27.4&#8243; _module_preset=&#8221;default&#8221; custom_button=&#8221;on&#8221; button_text_size=&#8221;30px&#8221; button_text_color=&#8221;#000000&#8243; button_bg_color=&#8221;#ccb254&#8243; button_border_width=&#8221;2px&#8221; button_font=&#8221;|700|||||||&#8221; background_layout=&#8221;dark&#8221; button_text_size_tablet=&#8221;30px&#8221; button_text_size_phone=&#8221;20px&#8221; button_text_size_last_edited=&#8221;on|desktop&#8221; button_text_shadow_style=&#8221;preset3&#8243; global_colors_info=&#8221;{}&#8221;][\/et_pb_button][\/et_pb_column][\/et_pb_row][\/et_pb_section][et_pb_section fb_built=&#8221;1&#8243; _builder_version=&#8221;4.27.4&#8243; _module_preset=&#8221;default&#8221; background_color=&#8221;#FFFFFF&#8221; custom_padding=&#8221;1px||4px|||&#8221; global_colors_info=&#8221;{}&#8221;][et_pb_row _builder_version=&#8221;4.27.4&#8243; _module_preset=&#8221;default&#8221; global_colors_info=&#8221;{}&#8221;][et_pb_column type=&#8221;4_4&#8243; _builder_version=&#8221;4.27.4&#8243; _module_preset=&#8221;default&#8221; global_colors_info=&#8221;{}&#8221;][et_pb_button button_url=&#8221;https:\/\/t.me\/Emprendeconjulianac&#8221; button_text=&#8221;RECLAMA MI CURSO AQU\u00cd\ud83d\udcbb&#8221; button_alignment=&#8221;center&#8221; _builder_version=&#8221;4.27.4&#8243; _module_preset=&#8221;default&#8221; custom_button=&#8221;on&#8221; button_text_size=&#8221;30px&#8221; button_text_color=&#8221;#000000&#8243; button_bg_color=&#8221;#ccb254&#8243; button_border_width=&#8221;2px&#8221; button_font=&#8221;|700|||||||&#8221; background_layout=&#8221;dark&#8221; button_text_size_tablet=&#8221;30px&#8221; button_text_size_phone=&#8221;20px&#8221; button_text_size_last_edited=&#8221;on|desktop&#8221; button_text_shadow_style=&#8221;preset3&#8243; global_colors_info=&#8221;{}&#8221;][\/et_pb_button][et_pb_button button_url=&#8221;https:\/\/educlas.online\/index.php\/herramienta\/&#8221; button_text=&#8221;HERRAMIENTAS &#8221; button_alignment=&#8221;center&#8221; _builder_version=&#8221;4.27.4&#8243; _module_preset=&#8221;default&#8221; custom_button=&#8221;on&#8221; button_text_size=&#8221;30px&#8221; button_text_color=&#8221;#000000&#8243; button_bg_color=&#8221;#ccb254&#8243; button_border_width=&#8221;2px&#8221; button_font=&#8221;|700|||||||&#8221; background_layout=&#8221;dark&#8221; button_text_size_tablet=&#8221;30px&#8221; button_text_size_phone=&#8221;20px&#8221; button_text_size_last_edited=&#8221;on|desktop&#8221; button_text_shadow_style=&#8221;preset3&#8243; global_colors_info=&#8221;{}&#8221;][\/et_pb_button][\/et_pb_column][\/et_pb_row][\/et_pb_section][et_pb_section fb_built=&#8221;1&#8243; _builder_version=&#8221;4.21.0&#8243; _module_preset=&#8221;default&#8221; background_color=&#8221;#000000&#8243; custom_padding=&#8221;0px|||||&#8221; global_colors_info=&#8221;{}&#8221;][et_pb_row _builder_version=&#8221;4.21.0&#8243; _module_preset=&#8221;default&#8221; global_colors_info=&#8221;{}&#8221;][et_pb_column type=&#8221;4_4&#8243; _builder_version=&#8221;4.16&#8243; _module_preset=&#8221;default&#8221; global_colors_info=&#8221;{}&#8221;][et_pb_text _builder_version=&#8221;4.27.4&#8243; _module_preset=&#8221;default&#8221; text_text_color=&#8221;#FFFFFF&#8221; text_font_size=&#8221;13px&#8221; custom_margin=&#8221;||5px|||&#8221; text_font_size_tablet=&#8221;13px&#8221; text_font_size_phone=&#8221;12px&#8221; text_font_size_last_edited=&#8221;on|phone&#8221; global_colors_info=&#8221;{}&#8221;]<\/p>\n<p style=\"text-align: center;\"><span>Copyright \u00a9 2025 EDUCLAS.ONLINE<\/span><\/p>\n<p style=\"text-align: center;\"><span>Todos los derechos reservados.<\/span><\/p>\n<p>[\/et_pb_text][et_pb_text _builder_version=&#8221;4.21.0&#8243; _module_preset=&#8221;default&#8221; text_text_color=&#8221;#FFFFFF&#8221; text_font_size=&#8221;13px&#8221; text_font_size_tablet=&#8221;13px&#8221; text_font_size_phone=&#8221;11px&#8221; text_font_size_last_edited=&#8221;on|phone&#8221; global_colors_info=&#8221;{}&#8221;]<\/p>\n<p style=\"text-align: center;\"><span>\u201cEstos productos se comercializan en Hotmart. La plataforma no realiza un control editorial previo de los productos vendidos, ni eval\u00faa el tecnicismo y experiencia de quienes los elaboran. La existencia de un producto y su adquisici\u00f3n, a trav\u00e9s de la plataforma, no puede considerarse garant\u00eda de calidad de contenido y resultado, en ning\u00fan caso. Al comprarlo, el comprador declara conocer esta informaci\u00f3n. Puede acceder a los\u00a0<\/span><a href=\"https:\/\/www.hotmart.com\/legal\/es\">t\u00e9rminos y pol\u00edticas de Hotmart aqu\u00ed<\/a><span>, incluso antes de que se complete la compra\u00bb.<\/span><\/p>\n<p>[\/et_pb_text][\/et_pb_column][\/et_pb_row][\/et_pb_section]<\/p>\n","protected":false},"excerpt":{"rendered":"<p>Productos con embudos de venta (Order Bump) para maximizar tus ventas. \u00a1Ahora puedes comercializar todos nuestros productos sin necesidad de pagar ninguna membres\u00eda! Nos enorgullece ofrecer una amplia gama de productos que se encuentran disponibles en Hotmart, y lo mejor de todo es que puedes afiliarte de manera gratuita. \u00a1No pierdas la oportunidad de conocer [&hellip;]<\/p>\n","protected":false},"author":1,"featured_media":0,"parent":0,"menu_order":0,"comment_status":"closed","ping_status":"closed","template":"page-template-blank.php","meta":{"_et_pb_use_builder":"on","_et_pb_old_content":"","_et_gb_content_width":""},"_links":{"self":[{"href":"https:\/\/educlas.online\/index.php\/wp-json\/wp\/v2\/pages\/331"}],"collection":[{"href":"https:\/\/educlas.online\/index.php\/wp-json\/wp\/v2\/pages"}],"about":[{"href":"https:\/\/educlas.online\/index.php\/wp-json\/wp\/v2\/types\/page"}],"author":[{"embeddable":true,"href":"https:\/\/educlas.online\/index.php\/wp-json\/wp\/v2\/users\/1"}],"replies":[{"embeddable":true,"href":"https:\/\/educlas.online\/index.php\/wp-json\/wp\/v2\/comments?post=331"}],"version-history":[{"count":91,"href":"https:\/\/educlas.online\/index.php\/wp-json\/wp\/v2\/pages\/331\/revisions"}],"predecessor-version":[{"id":1503,"href":"https:\/\/educlas.online\/index.php\/wp-json\/wp\/v2\/pages\/331\/revisions\/1503"}],"wp:attachment":[{"href":"https:\/\/educlas.online\/index.php\/wp-json\/wp\/v2\/media?parent=331"}],"curies":[{"name":"wp","href":"https:\/\/api.w.org\/{rel}","templated":true}]}}